{"id":4824,"date":"2019-05-08T20:57:31","date_gmt":"2019-05-08T18:57:31","guid":{"rendered":"http:\/\/mylittlecfo.com\/?page_id=4824"},"modified":"2023-09-08T09:45:52","modified_gmt":"2023-09-08T07:45:52","slug":"mentions-legales","status":"publish","type":"page","link":"https:\/\/mylittlecfo.com\/index.php\/mentions-legales\/","title":{"rendered":"Mentions l\u00e9gales"},"content":{"rendered":"[vc_row padding=\u00a0\u00bb2&Prime;][vc_column][mk_padding_divider size=\u00a0\u00bb4&Prime;][mk_fancy_title color=\u00a0\u00bb#393836&Prime; size=\u00a0\u00bb18&Prime; txt_transform=\u00a0\u00bbuppercase\u00a0\u00bb letter_spacing=\u00a0\u00bb1&Prime; margin_bottom=\u00a0\u00bb18&Prime; font_family=\u00a0\u00bbRaleway\u00a0\u00bb font_type=\u00a0\u00bbgoogle\u00a0\u00bb align=\u00a0\u00bbcenter\u00a0\u00bb]\n<p style=\"text-align: center;\"><strong>MENTIONS L\u00c9GALES<\/strong><\/p>\n[\/mk_fancy_title][mk_divider style=\u00a0\u00bbthin_solid\u00a0\u00bb divider_width=\u00a0\u00bbcustom_width\u00a0\u00bb custom_width=\u00a0\u00bb20&Prime; thin_single_color=\u00a0\u00bb#bf9d77&Prime; thickness=\u00a0\u00bb3&Prime; margin_top=\u00a0\u00bb10&Prime;][\/vc_column][\/vc_row][vc_row attached=\u00a0\u00bbtrue\u00a0\u00bb padding=\u00a0\u00bb1&Prime;][vc_column width=\u00a0\u00bb1\/6&Prime;][\/vc_column][vc_column width=\u00a0\u00bb2\/3&Prime;][vc_column_text disable_pattern=\u00a0\u00bbfalse\u00a0\u00bb align=\u00a0\u00bbcenter\u00a0\u00bb css=\u00a0\u00bb.vc_custom_1557693839010{margin-bottom: 0px !important;}\u00a0\u00bb]<strong>EDITEUR DU SITE<\/strong><br \/>\nMY LITTLE CFO<br \/>\nSAS au capital de 2000\u20ac<\/p>\n<p>Si\u00e8ge social :<br \/>\n12 avenue Jean-Baptiste Cl\u00e9ment<br \/>\n92100 Boulogne-Billancourt<br \/>\nSIREN : 850 311 812 RCS Nanterre<br \/>\nCode APE : 7022Z<br \/>\nN\u00b0 TVA intracom : FR 57 850311812<br \/>\nT\u00e9l\u00e9phone : 06 64 37 60 19<br \/>\nMail : solene@mylittlecfo.com<\/p>\n<p>Directrice de Publication :<br \/>\nSol\u00e8ne Cl\u00e9ment<\/p>\n<p><strong>CR\u00c9ATION DU SITE INTERNET<\/strong><br \/>\nMinistry of FrenchFood<\/p>\n<p><strong>H\u00c9BERGEUR<\/strong><br \/>\nOVH<\/p>\n<p>SAS au capital de 10 069 020 \u20ac<br \/>\nRCS Lille M\u00e9tropole 424 761 419 00045<br \/>\nCode APE 2620Z<br \/>\nN\u00b0 TVA : FR 22 424 761 419<br \/>\nSi\u00e8ge social : 2 rue Kellermann \u2013 59100 Roubaix \u2013 France<br \/>\nDirecteur de la publication : Octave KLABA<br \/>\nPr\u00e9sident : Henryk KLABA<br \/>\nDirecteur g\u00e9n\u00e9ral : Miroslaw KLABA<br \/>\nDirecteur g\u00e9n\u00e9ral d\u00e9l\u00e9gu\u00e9 : Octave KLABA<br \/>\nDirecteur g\u00e9n\u00e9ral d\u00e9l\u00e9gu\u00e9 : Halina KLABA[\/vc_column_text][mk_divider style=\u00a0\u00bbthin_solid\u00a0\u00bb divider_width=\u00a0\u00bbcustom_width\u00a0\u00bb custom_width=\u00a0\u00bb20&Prime; thin_single_color=\u00a0\u00bb#bf9d77&Prime; thickness=\u00a0\u00bb3&Prime; margin_top=\u00a0\u00bb10&Prime;][\/vc_column][vc_column width=\u00a0\u00bb1\/6&Prime;][\/vc_column][\/vc_row]\n","protected":false},"excerpt":{"rendered":"<p>[vc_row padding=\u00a0\u00bb2&Prime;][vc_column][mk_padding_divider size=\u00a0\u00bb4&Prime;][mk_fancy_title color=\u00a0\u00bb#393836&Prime; size=\u00a0\u00bb18&Prime; txt_transform=\u00a0\u00bbuppercase\u00a0\u00bb letter_spacing=\u00a0\u00bb1&Prime; margin_bottom=\u00a0\u00bb18&Prime; font_family=\u00a0\u00bbRaleway\u00a0\u00bb font_type=\u00a0\u00bbgoogle\u00a0\u00bb align=\u00a0\u00bbcenter\u00a0\u00bb] MENTIONS L\u00c9GALES [\/mk_fancy_title][mk_divider style=\u00a0\u00bbthin_solid\u00a0\u00bb divider_width=\u00a0\u00bbcustom_width\u00a0\u00bb custom_width=\u00a0\u00bb20&Prime; thin_single_color=\u00a0\u00bb#bf9d77&Prime; thickness=\u00a0\u00bb3&Prime; margin_top=\u00a0\u00bb10&Prime;][\/vc_column][\/vc_row][vc_row attached=\u00a0\u00bbtrue\u00a0\u00bb padding=\u00a0\u00bb1&Prime;][vc_column width=\u00a0\u00bb1\/6&Prime;][\/vc_column][vc_column width=\u00a0\u00bb2\/3&Prime;][vc_column_text disable_pattern=\u00a0\u00bbfalse\u00a0\u00bb align=\u00a0\u00bbcenter\u00a0\u00bb css=\u00a0\u00bb.vc_custom_1557693839010{margin-bottom: 0px !important;}\u00a0\u00bb]EDITEUR DU SITE MY LITTLE CFO SAS au capital de 2000\u20ac Si\u00e8ge social : 12 avenue Jean-Baptiste Cl\u00e9ment 92100 Boulogne-Billancourt SIREN : 850 311 812 RCS Nanterre [&hellip;]<\/p>\n","protected":false},"author":1,"featured_media":0,"parent":0,"menu_order":0,"comment_status":"closed","ping_status":"closed","template":"","meta":{"footnotes":"","_links_to":"","_links_to_target":""},"_links":{"self":[{"href":"https:\/\/mylittlecfo.com\/index.php\/wp-json\/wp\/v2\/pages\/4824"}],"collection":[{"href":"https:\/\/mylittlecfo.com\/index.php\/wp-json\/wp\/v2\/pages"}],"about":[{"href":"https:\/\/mylittlecfo.com\/index.php\/wp-json\/wp\/v2\/types\/page"}],"author":[{"embeddable":true,"href":"https:\/\/mylittlecfo.com\/index.php\/wp-json\/wp\/v2\/users\/1"}],"replies":[{"embeddable":true,"href":"https:\/\/mylittlecfo.com\/index.php\/wp-json\/wp\/v2\/comments?post=4824"}],"version-history":[{"count":6,"href":"https:\/\/mylittlecfo.com\/index.php\/wp-json\/wp\/v2\/pages\/4824\/revisions"}],"predecessor-version":[{"id":4972,"href":"https:\/\/mylittlecfo.com\/index.php\/wp-json\/wp\/v2\/pages\/4824\/revisions\/4972"}],"wp:attachment":[{"href":"https:\/\/mylittlecfo.com\/index.php\/wp-json\/wp\/v2\/media?parent=4824"}],"curies":[{"name":"wp","href":"https:\/\/api.w.org\/{rel}","templated":true}]}}