{"id":4683,"date":"2019-03-06T20:41:24","date_gmt":"2019-03-06T19:41:24","guid":{"rendered":"http:\/\/mylittlecfo.com\/?page_id=4683"},"modified":"2024-06-07T11:21:38","modified_gmt":"2024-06-07T09:21:38","slug":"solene-clement","status":"publish","type":"page","link":"https:\/\/mylittlecfo.com\/index.php\/solene-clement\/","title":{"rendered":"Sol\u00e8ne Cl\u00e9ment"},"content":{"rendered":"[vc_row padding=\u00a0\u00bb2&Prime;][vc_column][mk_padding_divider size=\u00a0\u00bb4&Prime;][mk_fancy_title color=\u00a0\u00bb#393836&Prime; size=\u00a0\u00bb18&Prime; txt_transform=\u00a0\u00bbuppercase\u00a0\u00bb letter_spacing=\u00a0\u00bb1&Prime; margin_bottom=\u00a0\u00bb18&Prime; font_family=\u00a0\u00bbRaleway\u00a0\u00bb font_type=\u00a0\u00bbgoogle\u00a0\u00bb align=\u00a0\u00bbcenter\u00a0\u00bb]\n<p style=\"text-align: center;\"><strong><img loading=\"lazy\" decoding=\"async\" class=\"alignnone wp-image-4818 size-full\" src=\"http:\/\/mylittlecfo.com\/wp-content\/uploads\/2019\/05\/elodie-oliveira-photographe-blush-photographie-10.jpeg\" alt=\"\" width=\"640\" height=\"427\" srcset=\"https:\/\/mylittlecfo.com\/wp-content\/uploads\/2019\/05\/elodie-oliveira-photographe-blush-photographie-10.jpeg 640w, https:\/\/mylittlecfo.com\/wp-content\/uploads\/2019\/05\/elodie-oliveira-photographe-blush-photographie-10-300x200.jpeg 300w\" sizes=\"(max-width: 640px) 100vw, 640px\" \/><\/strong><\/p>\n<p style=\"text-align: center;\"><strong>SOL\u00c8NE DOMANGE &#8211; CL\u00c9MENT<\/strong><\/p>\n[\/mk_fancy_title][mk_divider style=\u00a0\u00bbthin_solid\u00a0\u00bb divider_width=\u00a0\u00bbcustom_width\u00a0\u00bb custom_width=\u00a0\u00bb20&Prime; thin_single_color=\u00a0\u00bb#bf9d77&Prime; thickness=\u00a0\u00bb3&Prime; margin_top=\u00a0\u00bb10&Prime;][\/vc_column][\/vc_row][vc_row attached=\u00a0\u00bbtrue\u00a0\u00bb padding=\u00a0\u00bb1&Prime;][vc_column width=\u00a0\u00bb1\/6&Prime;][\/vc_column][vc_column width=\u00a0\u00bb2\/3&Prime;][vc_column_text disable_pattern=\u00a0\u00bbfalse\u00a0\u00bb align=\u00a0\u00bbcenter\u00a0\u00bb css=\u00a0\u00bb.vc_custom_1557494220786{margin-bottom: 0px !important;}\u00a0\u00bb]<strong>22 ann\u00e9es d&rsquo;exp\u00e9rience entre finance d&rsquo;entreprise et finance de march\u00e9<\/strong><\/p>\n<p style=\"text-align: left;\"><strong>Investisseur <\/strong>et\u00a0<strong>analyste financier <\/strong>pendant 19 ans pour le compte de plusieurs soci\u00e9t\u00e9s de gestion. Echanges quotidiens sur la strat\u00e9gie de CEO et CFO de soci\u00e9t\u00e9s cot\u00e9es (de toutes tailles et de tous secteurs), \u00e9valuations financi\u00e8res, analyses strat\u00e9giques et concurrentielles, \u00e9laboration de business plans.<\/p>\n<p style=\"text-align: left;\"><strong>CFO<\/strong> d\u2019une PME (agence de communication, 2 M\u20ac de CA, 18 salari\u00e9s) pendant 8 ans (accompagnement complet du dirigeant de la cr\u00e9ation\u00a0 jusqu&rsquo;\u00e0 la cession \u00e0 un groupe de communication) et d&rsquo;une TPE pendant 16 ans.<\/p>\n<p style=\"text-align: left;\"><strong>CFO \u00e0 temps partag\u00e9<\/strong> depuis 2019.<\/p>\n[\/vc_column_text][mk_divider style=\u00a0\u00bbthin_solid\u00a0\u00bb divider_width=\u00a0\u00bbcustom_width\u00a0\u00bb custom_width=\u00a0\u00bb20&Prime; thin_single_color=\u00a0\u00bb#bf9d77&Prime; thickness=\u00a0\u00bb3&Prime; margin_top=\u00a0\u00bb10&Prime;][\/vc_column][vc_column width=\u00a0\u00bb1\/6&Prime;][\/vc_column][\/vc_row][vc_row attached=\u00a0\u00bbtrue\u00a0\u00bb padding=\u00a0\u00bb1&Prime;][vc_column width=\u00a0\u00bb1\/6&Prime;][\/vc_column][vc_column width=\u00a0\u00bb2\/3&Prime;][vc_column_text disable_pattern=\u00a0\u00bbfalse\u00a0\u00bb align=\u00a0\u00bbcenter\u00a0\u00bb css=\u00a0\u00bb.vc_custom_1555601005655{margin-bottom: 0px !important;}\u00a0\u00bb]\n<p style=\"text-align: left;\">Anglais courant<\/p>\n<p style=\"text-align: left;\">Maitrise de Gestion \u00e0 Paris IX Dauphine puis DESS Finance \u00e0 Paris X Nanterre<\/p>\n<p style=\"text-align: left;\">Dipl\u00f4mes d\u2019analyse financi\u00e8re (CEFA + CIIA)<\/p>\n<p style=\"text-align: left;\">Certification professionnelle AMF<\/p>\n<p style=\"text-align: left;\">Certificat de Direction Financi\u00e8re &#8211; FFP<\/p>\n[\/vc_column_text][mk_padding_divider size=\u00a0\u00bb49&Prime;][mk_button dimension=\u00a0\u00bbflat\u00a0\u00bb size=\u00a0\u00bbmedium\u00a0\u00bb icon=\u00a0\u00bbmk-li-mail\u00a0\u00bb url=\u00a0\u00bbmailto:solene@mylittlecfo.com\u00a0\u00bb align=\u00a0\u00bbcenter\u00a0\u00bb margin_top=\u00a0\u00bb20&Prime; margin_bottom=\u00a0\u00bb60&Prime; bg_color=\u00a0\u00bb#c59c71&Prime; btn_hover_bg=\u00a0\u00bb#252525&Prime; btn_hover_txt_color=\u00a0\u00bb#ffffff\u00a0\u00bb]contact[\/mk_button][\/vc_column][vc_column width=\u00a0\u00bb1\/6&Prime;][\/vc_column][\/vc_row][vc_row][vc_column][vc_column_text css=\u00a0\u00bb.vc_custom_1557327661846{margin-bottom: 0px !important;}\u00a0\u00bb]\n<p style=\"text-align: center;\">Cr\u00e9dit Photo : Elodie Oliveira pour <em>BLUSH PHOTOGRAPHIE<\/em><\/p>\n[\/vc_column_text][\/vc_column][\/vc_row]\n","protected":false},"excerpt":{"rendered":"<p>[vc_row padding=\u00a0\u00bb2&Prime;][vc_column][mk_padding_divider size=\u00a0\u00bb4&Prime;][mk_fancy_title color=\u00a0\u00bb#393836&Prime; size=\u00a0\u00bb18&Prime; txt_transform=\u00a0\u00bbuppercase\u00a0\u00bb letter_spacing=\u00a0\u00bb1&Prime; margin_bottom=\u00a0\u00bb18&Prime; font_family=\u00a0\u00bbRaleway\u00a0\u00bb font_type=\u00a0\u00bbgoogle\u00a0\u00bb align=\u00a0\u00bbcenter\u00a0\u00bb] SOL\u00c8NE DOMANGE &#8211; CL\u00c9MENT [\/mk_fancy_title][mk_divider style=\u00a0\u00bbthin_solid\u00a0\u00bb divider_width=\u00a0\u00bbcustom_width\u00a0\u00bb custom_width=\u00a0\u00bb20&Prime; thin_single_color=\u00a0\u00bb#bf9d77&Prime; thickness=\u00a0\u00bb3&Prime; margin_top=\u00a0\u00bb10&Prime;][\/vc_column][\/vc_row][vc_row attached=\u00a0\u00bbtrue\u00a0\u00bb padding=\u00a0\u00bb1&Prime;][vc_column width=\u00a0\u00bb1\/6&Prime;][\/vc_column][vc_column width=\u00a0\u00bb2\/3&Prime;][vc_column_text disable_pattern=\u00a0\u00bbfalse\u00a0\u00bb align=\u00a0\u00bbcenter\u00a0\u00bb css=\u00a0\u00bb.vc_custom_1557494220786{margin-bottom: 0px !important;}\u00a0\u00bb]22 ann\u00e9es d&rsquo;exp\u00e9rience entre finance d&rsquo;entreprise et finance de march\u00e9 Investisseur et\u00a0analyste financier pendant 19 ans pour le compte de plusieurs soci\u00e9t\u00e9s de gestion. Echanges [&hellip;]<\/p>\n","protected":false},"author":1,"featured_media":0,"parent":0,"menu_order":0,"comment_status":"closed","ping_status":"closed","template":"","meta":{"footnotes":"","_links_to":"","_links_to_target":""},"_links":{"self":[{"href":"https:\/\/mylittlecfo.com\/index.php\/wp-json\/wp\/v2\/pages\/4683"}],"collection":[{"href":"https:\/\/mylittlecfo.com\/index.php\/wp-json\/wp\/v2\/pages"}],"about":[{"href":"https:\/\/mylittlecfo.com\/index.php\/wp-json\/wp\/v2\/types\/page"}],"author":[{"embeddable":true,"href":"https:\/\/mylittlecfo.com\/index.php\/wp-json\/wp\/v2\/users\/1"}],"replies":[{"embeddable":true,"href":"https:\/\/mylittlecfo.com\/index.php\/wp-json\/wp\/v2\/comments?post=4683"}],"version-history":[{"count":32,"href":"https:\/\/mylittlecfo.com\/index.php\/wp-json\/wp\/v2\/pages\/4683\/revisions"}],"predecessor-version":[{"id":4992,"href":"https:\/\/mylittlecfo.com\/index.php\/wp-json\/wp\/v2\/pages\/4683\/revisions\/4992"}],"wp:attachment":[{"href":"https:\/\/mylittlecfo.com\/index.php\/wp-json\/wp\/v2\/media?parent=4683"}],"curies":[{"name":"wp","href":"https:\/\/api.w.org\/{rel}","templated":true}]}}