{"id":2,"date":"2014-09-05T12:36:14","date_gmt":"2014-09-05T12:36:14","guid":{"rendered":"http:\/\/demos.artbees.net\/jupiter5\/fleux\/?page_id=2"},"modified":"2024-06-07T11:20:11","modified_gmt":"2024-06-07T09:20:11","slug":"home","status":"publish","type":"page","link":"https:\/\/mylittlecfo.com\/","title":{"rendered":"Accueil"},"content":{"rendered":"[vc_row fullwidth=\u00a0\u00bbtrue\u00a0\u00bb css=\u00a0\u00bb.vc_custom_1523215931038{margin-bottom: 0px !important;border-bottom-width: 0px !important;background-position: center !important;background-repeat: no-repeat !important;background-size: cover !important;}\u00a0\u00bb][vc_column css=\u00a0\u00bb.vc_custom_1523193311942{margin-top: 0px !important;margin-right: 0px !important;margin-left: 0px !important;border-bottom-width: 0px !important;}\u00a0\u00bb][mk_divider style=\u00a0\u00bbthin_solid\u00a0\u00bb thin_single_color=\u00a0\u00bb#bf9d77&Prime; thickness=\u00a0\u00bb3&Prime; margin_top=\u00a0\u00bb0&Prime; margin_bottom=\u00a0\u00bb0&Prime;][vc_single_image image=\u00a0\u00bb4689&Prime; img_size=\u00a0\u00bb1500&Prime; css=\u00a0\u00bb.vc_custom_1551902095204{margin-top: 0px !important;margin-right: 0px !important;margin-bottom: 0px !important;margin-left: 0px !important;}\u00a0\u00bb][mk_divider style=\u00a0\u00bbthin_solid\u00a0\u00bb thin_single_color=\u00a0\u00bb#bf9d77&Prime; thickness=\u00a0\u00bb3&Prime; margin_top=\u00a0\u00bb0&Prime; margin_bottom=\u00a0\u00bb0&Prime;][\/vc_column][\/vc_row][vc_row padding=\u00a0\u00bb2&Prime;][vc_column][mk_padding_divider size=\u00a0\u00bb49&Prime;][mk_fancy_title color=\u00a0\u00bb#393836&Prime; size=\u00a0\u00bb18&Prime; txt_transform=\u00a0\u00bbuppercase\u00a0\u00bb letter_spacing=\u00a0\u00bb1&Prime; margin_bottom=\u00a0\u00bb18&Prime; font_family=\u00a0\u00bbRaleway\u00a0\u00bb font_type=\u00a0\u00bbgoogle\u00a0\u00bb align=\u00a0\u00bbcenter\u00a0\u00bb]<strong>MY LITTLE CFO, PARTENAIRE DU DEVELOPPEMENT DE VOTRE ENTREPRISE<\/strong>[\/mk_fancy_title][mk_divider style=\u00a0\u00bbthin_solid\u00a0\u00bb divider_width=\u00a0\u00bbcustom_width\u00a0\u00bb custom_width=\u00a0\u00bb20&Prime; thin_single_color=\u00a0\u00bb#bf9d77&Prime; thickness=\u00a0\u00bb3&Prime; margin_top=\u00a0\u00bb10&Prime;][\/vc_column][\/vc_row][vc_row attached=\u00a0\u00bbtrue\u00a0\u00bb padding=\u00a0\u00bb1&Prime;][vc_column width=\u00a0\u00bb1\/6&Prime;][\/vc_column][vc_column width=\u00a0\u00bb2\/3&Prime;][vc_column_text disable_pattern=\u00a0\u00bbfalse\u00a0\u00bb align=\u00a0\u00bbcenter\u00a0\u00bb css=\u00a0\u00bb.vc_custom_1558361794888{margin-bottom: 0px !important;}\u00a0\u00bb]\n<p style=\"text-align: left;\">My little CFO a pour objectif de <strong>simplifier votre vie d\u2019entrepreneur<\/strong> (quelle que soit la taille de votre entreprise ou son secteur d\u2019activit\u00e9) en vous lib\u00e9rant du temps pour vous concentrer sur vos comp\u00e9tences cl\u00e9s et en vous aidant \u00e0 prendre les meilleures d\u00e9cisions strat\u00e9giques pour votre entreprise.<\/p>\n<p style=\"text-align: left;\">My little CFO vous aide, \u00e0 <strong>temps partiel<\/strong>, sans <strong>aucun engagement de dur\u00e9e<\/strong>, en toute <strong>ind\u00e9pendance<\/strong> et <strong>confidentialit\u00e9<\/strong>, \u00e0 <strong>optimiser la gestion financi\u00e8re de votre entreprise<\/strong> pour gagner rapidement en efficacit\u00e9 op\u00e9rationnelle.<\/p>\n<p style=\"text-align: left;\">Les services de My little CFO se veulent totalement <strong>sur-mesure<\/strong> et loin des prestations industrialis\u00e9es que peuvent offrir un grand cabinet.<\/p>\n<p style=\"text-align: left;\">En premier lieu \u00e0 destination des TPE \/ PME (start-ups ou non) , les services de My little CFO s\u2019adressent \u00e9galement \u00e0 de plus grosses structures qui auraient un surcroit d\u2019activit\u00e9 ponctuel ou qui devraient faire face \u00e0 l\u2019absence longue d\u2019un salari\u00e9. My little CFO peut ainsi \u00e9galement accompagner des fonds d\u2019investissements, comit\u00e9s d\u2019entreprises ou syndicats professionnels.<\/p>\n[\/vc_column_text][mk_padding_divider size=\u00a0\u00bb49&Prime;][mk_button dimension=\u00a0\u00bbflat\u00a0\u00bb size=\u00a0\u00bbmedium\u00a0\u00bb icon=\u00a0\u00bbmk-li-mail\u00a0\u00bb url=\u00a0\u00bbmailto:solene@mylittlecfo.com\u00a0\u00bb align=\u00a0\u00bbcenter\u00a0\u00bb bg_color=\u00a0\u00bb#c59c71&Prime; btn_hover_bg=\u00a0\u00bb#252525&Prime;]contact[\/mk_button][\/vc_column][vc_column width=\u00a0\u00bb1\/6&Prime;][\/vc_column][\/vc_row]\n","protected":false},"excerpt":{"rendered":"<p>[vc_row fullwidth=\u00a0\u00bbtrue\u00a0\u00bb css=\u00a0\u00bb.vc_custom_1523215931038{margin-bottom: 0px !important;border-bottom-width: 0px !important;background-position: center !important;background-repeat: no-repeat !important;background-size: cover !important;}\u00a0\u00bb][vc_column css=\u00a0\u00bb.vc_custom_1523193311942{margin-top: 0px !important;margin-right: 0px !important;margin-left: 0px !important;border-bottom-width: 0px !important;}\u00a0\u00bb][mk_divider style=\u00a0\u00bbthin_solid\u00a0\u00bb thin_single_color=\u00a0\u00bb#bf9d77&Prime; thickness=\u00a0\u00bb3&Prime; margin_top=\u00a0\u00bb0&Prime; margin_bottom=\u00a0\u00bb0&Prime;][vc_single_image image=\u00a0\u00bb4689&Prime; img_size=\u00a0\u00bb1500&Prime; css=\u00a0\u00bb.vc_custom_1551902095204{margin-top: 0px !important;margin-right: 0px !important;margin-bottom: 0px !important;margin-left: 0px !important;}\u00a0\u00bb][mk_divider style=\u00a0\u00bbthin_solid\u00a0\u00bb thin_single_color=\u00a0\u00bb#bf9d77&Prime; thickness=\u00a0\u00bb3&Prime; margin_top=\u00a0\u00bb0&Prime; margin_bottom=\u00a0\u00bb0&Prime;][\/vc_column][\/vc_row][vc_row padding=\u00a0\u00bb2&Prime;][vc_column][mk_padding_divider size=\u00a0\u00bb49&Prime;][mk_fancy_title color=\u00a0\u00bb#393836&Prime; size=\u00a0\u00bb18&Prime; txt_transform=\u00a0\u00bbuppercase\u00a0\u00bb letter_spacing=\u00a0\u00bb1&Prime; margin_bottom=\u00a0\u00bb18&Prime; font_family=\u00a0\u00bbRaleway\u00a0\u00bb font_type=\u00a0\u00bbgoogle\u00a0\u00bb align=\u00a0\u00bbcenter\u00a0\u00bb]MY LITTLE CFO, [&hellip;]<\/p>\n","protected":false},"author":1,"featured_media":0,"parent":0,"menu_order":0,"comment_status":"open","ping_status":"open","template":"","meta":{"footnotes":"","_links_to":"","_links_to_target":""},"_links":{"self":[{"href":"https:\/\/mylittlecfo.com\/index.php\/wp-json\/wp\/v2\/pages\/2"}],"collection":[{"href":"https:\/\/mylittlecfo.com\/index.php\/wp-json\/wp\/v2\/pages"}],"about":[{"href":"https:\/\/mylittlecfo.com\/index.php\/wp-json\/wp\/v2\/types\/page"}],"author":[{"embeddable":true,"href":"https:\/\/mylittlecfo.com\/index.php\/wp-json\/wp\/v2\/users\/1"}],"replies":[{"embeddable":true,"href":"https:\/\/mylittlecfo.com\/index.php\/wp-json\/wp\/v2\/comments?post=2"}],"version-history":[{"count":47,"href":"https:\/\/mylittlecfo.com\/index.php\/wp-json\/wp\/v2\/pages\/2\/revisions"}],"predecessor-version":[{"id":4990,"href":"https:\/\/mylittlecfo.com\/index.php\/wp-json\/wp\/v2\/pages\/2\/revisions\/4990"}],"wp:attachment":[{"href":"https:\/\/mylittlecfo.com\/index.php\/wp-json\/wp\/v2\/media?parent=2"}],"curies":[{"name":"wp","href":"https:\/\/api.w.org\/{rel}","templated":true}]}}